{"id":1164,"date":"2022-02-04T18:35:47","date_gmt":"2022-02-04T16:35:47","guid":{"rendered":"https:\/\/www.onzichtbareinteractie.nl\/?page_id=1164"},"modified":"2024-01-10T23:09:48","modified_gmt":"2024-01-10T21:09:48","slug":"verzending","status":"publish","type":"page","link":"https:\/\/falkepopeyus.nl\/?page_id=1164","title":{"rendered":"Informatie omtrent verzending"},"content":{"rendered":"<style>.wp-block-kadence-column.kb-section-dir-horizontal > .kt-inside-inner-col > .kt-info-box1164_8c63c2-51 .kt-blocks-info-box-link-wrap{max-width:unset;}.kt-info-box1164_8c63c2-51 .kt-blocks-info-box-link-wrap{border-top-left-radius:0px;border-top-right-radius:0px;border-bottom-right-radius:0px;border-bottom-left-radius:0px;background:#f2f2f2;padding-top:20px;padding-right:20px;padding-bottom:20px;padding-left:20px;}.kt-info-box1164_8c63c2-51 .kt-blocks-info-box-link-wrap:hover{background:#f2f2f2;}.kt-info-box1164_8c63c2-51 .kadence-info-box-icon-container .kt-info-svg-icon, .kt-info-box1164_8c63c2-51 .kt-info-svg-icon-flip, .kt-info-box1164_8c63c2-51 .kt-blocks-info-box-number{font-size:50px;}.kt-info-box1164_8c63c2-51 .kt-blocks-info-box-media{color:#444444;background:transparent;border-color:#444444;border-top-width:0px;border-right-width:0px;border-bottom-width:0px;border-left-width:0px;padding-top:10px;padding-right:10px;padding-bottom:10px;padding-left:10px;}.kt-info-box1164_8c63c2-51 .kt-blocks-info-box-media-container{margin-top:0px;margin-right:15px;margin-bottom:0px;margin-left:15px;}.kt-info-box1164_8c63c2-51 .kt-blocks-info-box-link-wrap:hover .kt-blocks-info-box-media{color:#444444;background:transparent;border-color:#444444;}.kt-info-box1164_8c63c2-51 .kt-infobox-textcontent h2.kt-blocks-info-box-title{padding-top:0px;padding-right:0px;padding-bottom:0px;padding-left:0px;margin-top:5px;margin-right:0px;margin-bottom:10px;margin-left:0px;}.kt-info-box1164_8c63c2-51 .kt-infobox-textcontent .kt-blocks-info-box-text{color:#555555;}.kt-info-box1164_8c63c2-51 .kt-blocks-info-box-learnmore{background:transparent;border-color:#555555;border-width:0px 0px 0px 0px;padding-top:4px;padding-right:8px;padding-bottom:4px;padding-left:8px;margin-top:10px;margin-right:0px;margin-bottom:10px;margin-left:0px;}.kt-info-box1164_8c63c2-51 .kt-blocks-info-box-link-wrap:hover .kt-blocks-info-box-learnmore,.kt-info-box1164_8c63c2-51 .kt-blocks-info-box-link-wrap .kt-blocks-info-box-learnmore:focus{color:#ffffff;background:#444444;border-color:#444444;}<\/style>\n<div class=\"wp-block-kadence-infobox kt-info-box1164_8c63c2-51\"><div class=\"kt-blocks-info-box-link-wrap kt-blocks-info-box-media-align-top kt-info-halign-left\"><div class=\"kt-infobox-textcontent\"><h2 class=\"kt-blocks-info-box-title\">Bekijk de status van je bestelling<\/h2><p class=\"kt-blocks-info-box-text\">Ben je benieuwd naar de huidige status van je bestelling? <a rel=\"noreferrer noopener\" href=\"https:\/\/falkepopeyus.nl\/?page_id=1106\" data-type=\"page\" data-id=\"1106\" target=\"_blank\">Klik hier om de status te controleren<\/a>.<\/p><\/div><\/div><\/div>\n\n\n\n<p> <\/p>\n\n\n\n<h2 class=\"wp-block-heading\">Bezorginformatie<\/h2>\n\n\n\n<p>Nadat je hebt besteld en wij de bankoverschrijving hebben bevestigd, gaan wij aan de slag met het inpakken en versturen van je bestelling in een brievenbuspakje. We streven ernaar om je bestelling binnen 2 werkdagen verzonden te hebben nadat wij je bankoverschrijving hebben bevestigd. Je krijgt bericht via email zodra je bestelling onderweg is.<\/p>\n\n\n\n<p>Binnen Nederland wordt je bestelling meestal de eerstvolgende bezorgdag bezorgd, mits het pakket v\u00f3\u00f3r 17:00 is ontvangen door PostNL, of v\u00f3\u00f3r 11:30 door DHL Parcel. Soms heeft de pakketdienst helaas te maken met vertragingen, waardoor je pakket langer onderweg kan zijn. Indien je in Belgi\u00eb woonachtig bent, dien je rekening te houden met een doorlooptijd van 2 \u00e0 3 werkdagen voordat je pakket is bezorgd.<\/p>\n\n\n\n<h2 class=\"wp-block-heading\">Contact opnemen en retourneren<\/h2>\n\n\n\n<p>Als je bestelling na 7 werkdagen nog niet bezorgd is of als je je bestelling wilt retourneren binnen de wettelijke bedenktermijn van 14 dagen, verzoeken we je om contact met ons op te nemen. Dit kan via <a href=\"mailto:emjeepo@gmail.com\" target=\"_blank\" rel=\"noreferrer noopener\">emjeepo@gmail.com<\/a>. We kijken dan naar een passende oplossing.<\/p>\n\n\n\n<p>Houd er rekening mee dat als je je bestelling retourneert, je zelf de portokosten voor de retourzending dient te voldoen en de portokosten voor de retourzending niet vergoed krijgt.<\/p>\n\n\n\n<p>Nadat wij je retour ontvangen en gecontroleerd hebben, volgt de terugbetaling binnen 14 dagen (maar meestal binnen enkele werkdagen) op de bankrekening die gebruikt is tijdens het bestellen.<\/p>\n","protected":false},"excerpt":{"rendered":"<p>Bezorginformatie Nadat je hebt besteld en wij de bankoverschrijving hebben bevestigd, gaan wij aan de slag met het inpakken en versturen van je bestelling in een brievenbuspakje. We streven ernaar om je bestelling binnen 2 werkdagen verzonden te hebben nadat wij je bankoverschrijving hebben bevestigd. Je krijgt bericht via email zodra je bestelling onderweg is.<\/p>\n","protected":false},"author":3,"featured_media":0,"parent":0,"menu_order":0,"comment_status":"closed","ping_status":"closed","template":"","meta":{"footnotes":""},"class_list":["post-1164","page","type-page","status-publish","hentry"],"_links":{"self":[{"href":"https:\/\/falkepopeyus.nl\/index.php?rest_route=\/wp\/v2\/pages\/1164","targetHints":{"allow":["GET"]}}],"collection":[{"href":"https:\/\/falkepopeyus.nl\/index.php?rest_route=\/wp\/v2\/pages"}],"about":[{"href":"https:\/\/falkepopeyus.nl\/index.php?rest_route=\/wp\/v2\/types\/page"}],"author":[{"embeddable":true,"href":"https:\/\/falkepopeyus.nl\/index.php?rest_route=\/wp\/v2\/users\/3"}],"replies":[{"embeddable":true,"href":"https:\/\/falkepopeyus.nl\/index.php?rest_route=%2Fwp%2Fv2%2Fcomments&post=1164"}],"version-history":[{"count":56,"href":"https:\/\/falkepopeyus.nl\/index.php?rest_route=\/wp\/v2\/pages\/1164\/revisions"}],"predecessor-version":[{"id":1630,"href":"https:\/\/falkepopeyus.nl\/index.php?rest_route=\/wp\/v2\/pages\/1164\/revisions\/1630"}],"wp:attachment":[{"href":"https:\/\/falkepopeyus.nl\/index.php?rest_route=%2Fwp%2Fv2%2Fmedia&parent=1164"}],"curies":[{"name":"wp","href":"https:\/\/api.w.org\/{rel}","templated":true}]}}